{"id":10088,"date":"2024-10-04T23:05:31","date_gmt":"2024-10-04T23:05:31","guid":{"rendered":"https:\/\/sportifs.tn\/?page_id=10088"},"modified":"2024-10-16T13:38:12","modified_gmt":"2024-10-16T13:38:12","slug":"formation-sport-tunisie","status":"publish","type":"page","link":"https:\/\/sportifs.tn\/fr\/formation-sport-tunisie\/","title":{"rendered":"Centre de formation"},"content":{"rendered":"<div class=\"wpb-content-wrapper\"><div class=\"vc_row wpb_row vc_row-fluid vc_custom_1729082953530 vc_row-has-padding-top vc_row-has-padding-left vc_row-has-padding-right vc_row-bg-position-top\"><div class=\"wpb_column vc_column_container vc_col-sm-12\"><div class=\"vc_column-inner vc_custom_1598449182647\"><div class=\"wpb_wrapper\"><header class=\"kd-section-title col-lg-12 text-center  subtitle-below-title    vc_custom_1729082984465\" ><h2 class=\"separator_off\" style=\"color: #000000;\">Trouvez la Salle de Sport Id\u00e9ale<\/h2><\/header>\n<div class=\"vc_grid-container-wrapper vc_clearfix\">\n\t<div class=\"vc_grid-container vc_clearfix wpb_content_element vc_masonry_grid\" data-initial-loading-animation=\"zoomIn\" data-vc-grid-settings=\"{&quot;page_id&quot;:10088,&quot;style&quot;:&quot;lazy-masonry&quot;,&quot;action&quot;:&quot;vc_get_vc_grid_data&quot;,&quot;shortcode_id&quot;:&quot;1729085862629-50c59e6e-8788-0&quot;,&quot;items_per_page&quot;:&quot;4&quot;,&quot;tag&quot;:&quot;vc_masonry_grid&quot;}\" data-vc-request=\"https:\/\/sportifs.tn\/wp-admin\/admin-ajax.php\" data-vc-post-id=\"10088\" data-vc-public-nonce=\"e664a94f47\">\n\t\t\n\t<\/div>\n<\/div><\/div><\/div><\/div><\/div><div data-vc-full-width=\"true\" data-vc-full-width-init=\"false\" data-vc-stretch-content=\"true\" class=\"vc_row wpb_row vc_row-fluid vc_custom_1728597951258 vc_custom_1728597951259 vc_row-has-padding-top vc_row-no-padding vc_row-bg-position-top\"><div class=\"wpb_column vc_column_container vc_col-sm-12\"><div class=\"vc_column-inner\"><div class=\"wpb_wrapper\"><div class=\"vc_row wpb_row vc_inner vc_row-fluid vc_custom_1602770110122 vc_custom_1602770110123 vc_custom_1602770110124 vc_row-has-fill vc_row-has-padding-top vc_row-has-padding-bottom vc_row-main-color-overlay vc_row-bg-position-top vc_row-o-content-middle vc_row-flex vc_inner_row-contained\"><div class=\"container\"><div class=\"wpb_column vc_column_container vc_col-sm-6 vc_col-lg-6 vc_col-md-12\"><div class=\"vc_column-inner vc_custom_1600784379181 vc_custom_1600784379181 vc_custom_1600784379182 vc_custom_1600784379182\"><div class=\"wpb_wrapper\"><div  class=\"vc_toggle vc_toggle_default vc_toggle_color_default  vc_toggle_size_md vc_toggle_active   wpb_animate_when_almost_visible wpb_fadeInUp fadeInUp\"><div class=\"vc_toggle_title\"><h4>Comment puis-je rejoindre l&#039;\u00e9quipe ?<\/h4><i class=\"vc_toggle_icon\"><\/i><\/div><div class=\"vc_toggle_content\"><p>Pour rejoindre l&#8217;\u00e9quipe, remplissez le formulaire en ligne, envoyez votre demande, et apr\u00e8s v\u00e9rification de vos informations, vous serez officiellement int\u00e9gr\u00e9.<\/p>\n<\/div><\/div><div  class=\"vc_toggle vc_toggle_default vc_toggle_color_default  vc_toggle_size_md    wpb_animate_when_almost_visible wpb_fadeInUp fadeInUp\"><div class=\"vc_toggle_title\"><h4>Quels types de coachs sont disponibles ?<\/h4><i class=\"vc_toggle_icon\"><\/i><\/div><div class=\"vc_toggle_content\"><p>Nous proposons des coachs sp\u00e9cialis\u00e9s dans diverses disciplines : musculation, cardio, yoga, arts martiaux, et bien plus encore.<\/p>\n<\/div><\/div><div  class=\"vc_toggle vc_toggle_default vc_toggle_color_default  vc_toggle_size_md    wpb_animate_when_almost_visible wpb_fadeInUp fadeInUp\"><div class=\"vc_toggle_title\"><h4>Y a-t-il un engagement \u00e0 long terme pour s\u2019inscrire ?<\/h4><i class=\"vc_toggle_icon\"><\/i><\/div><div class=\"vc_toggle_content\"><p>Oui, vous pouvez arr\u00eater \u00e0 tout moment et choisir de ne plus \u00eatre affich\u00e9 sur le site web.<\/p>\n<\/div><\/div><div  class=\"vc_toggle vc_toggle_default vc_toggle_color_default  vc_toggle_size_md    wpb_animate_when_almost_visible wpb_fadeInUp fadeInUp\"><div class=\"vc_toggle_title\"><h4>Comment puis-je contacter un coach ?<\/h4><i class=\"vc_toggle_icon\"><\/i><\/div><div class=\"vc_toggle_content\"><p>Vous pouvez contacter un coach directement via les informations affich\u00e9es sur notre site. Acc\u00e9dez au profil du coach de votre choix et envoyez-lui un message par t\u00e9l\u00e9phone ou mail pour poser vos questions ou planifier une s\u00e9ance.<\/p>\n<\/div><\/div><div  class=\"vc_toggle vc_toggle_default vc_toggle_color_default  vc_toggle_size_md    wpb_animate_when_almost_visible wpb_fadeInUp fadeInUp\"><div class=\"vc_toggle_title\"><h4>Le service du site web est-il payant ?<\/h4><i class=\"vc_toggle_icon\"><\/i><\/div><div class=\"vc_toggle_content\"><p>Non, notre plateforme est 100% gratuite. Vous pouvez explorer les coachs, les salles de sport et les \u00e9quipements sans aucun frais cach\u00e9.<\/p>\n<\/div><\/div><div  class=\"vc_toggle vc_toggle_default vc_toggle_color_default  vc_toggle_size_md    wpb_animate_when_almost_visible wpb_fadeInUp fadeInUp\"><div class=\"vc_toggle_title\"><h4>Puis-je changer de coach apr\u00e8s avoir commenc\u00e9 ?<\/h4><i class=\"vc_toggle_icon\"><\/i><\/div><div class=\"vc_toggle_content\"><p>Oui, vous pouvez changer de coach \u00e0 tout moment. Il vous suffit de contacter un autre coach\u00a0 directement depuis notre site web.<\/p>\n<\/div><\/div><\/div><\/div><\/div><div class=\"with-shadow wpb_column vc_column_container vc_col-sm-12 vc_col-lg-6 vc_col-md-12 vc_col-has-fill\"><div class=\"vc_column-inner vc_custom_1602770303330 vc_custom_1602770303330 vc_custom_1602770303331 vc_custom_1602770303332\"><div class=\"wpb_wrapper\"><header class=\"kd-section-title col-lg-12 text-center  subtitle-below-title kd-animated fadeIn   vc_custom_1728397603727\" data-animation-delay=\"200\"><h3 class=\"separator_off\" style=\"color: #000000;\">Rejoignez Notre \u00c9quipe<\/h3><h6 class=\"subtitle\" style=\"color: #010101;font-size:15px;\">Remplissez le formulaire ci-dessous pour devenir membre de notre \u00e9quipe. Partagez vos informations, et nous reviendrons vers vous rapidement<\/h6><\/header><div class=\"kd-contact-form full-width-cf  cf-with-border   kd-animated fadeIn\" data-animation-delay=\"400\">\n<div class=\"wpcf7 no-js\" id=\"wpcf7-f10444-o1\" lang=\"en-US\" dir=\"ltr\">\n<div class=\"screen-reader-response\"><p role=\"status\" aria-live=\"polite\" aria-atomic=\"true\"><\/p> <ul><\/ul><\/div>\n<form action=\"\/fr\/wp-json\/wp\/v2\/pages\/10088#wpcf7-f10444-o1\" method=\"post\" class=\"wpcf7-form init\" aria-label=\"Contact form\" novalidate=\"novalidate\" data-status=\"init\" data-trp-original-action=\"\/fr\/wp-json\/wp\/v2\/pages\/10088#wpcf7-f10444-o1\">\n<div style=\"display: none;\">\n<input type=\"hidden\" name=\"_wpcf7\" value=\"10444\" \/>\n<input type=\"hidden\" name=\"_wpcf7_version\" value=\"5.8.7\" \/>\n<input type=\"hidden\" name=\"_wpcf7_locale\" value=\"en_US\" \/>\n<input type=\"hidden\" name=\"_wpcf7_unit_tag\" value=\"wpcf7-f10444-o1\" \/>\n<input type=\"hidden\" name=\"_wpcf7_container_post\" value=\"0\" \/>\n<input type=\"hidden\" name=\"_wpcf7_posted_data_hash\" value=\"\" \/>\n<\/div>\n<p><span class=\"wpcf7-form-control-wrap\" data-name=\"your-name\"><input size=\"40\" class=\"wpcf7-form-control wpcf7-text wpcf7-validates-as-required\" aria-required=\"true\" aria-invalid=\"false\" placeholder=\"Nom du centre de formation\" value=\"\" type=\"text\" name=\"your-name\" \/><\/span><br \/>\n<span class=\"wpcf7-form-control-wrap\" data-name=\"your-email\"><input size=\"40\" class=\"wpcf7-form-control wpcf7-email wpcf7-validates-as-required wpcf7-text wpcf7-validates-as-email\" aria-required=\"true\" aria-invalid=\"false\" placeholder=\"Email\" value=\"\" type=\"email\" name=\"your-email\" \/><\/span><br \/>\n<span class=\"wpcf7-form-control-wrap\" data-name=\"your-tel\"><input size=\"40\" class=\"wpcf7-form-control wpcf7-tel wpcf7-validates-as-required wpcf7-text wpcf7-validates-as-tel\" aria-required=\"true\" aria-invalid=\"false\" placeholder=\"Num\u00e9ro de t\u00e9l\u00e9phone\" value=\"\" type=\"tel\" name=\"your-tel\" \/><\/span><br \/>\n<span class=\"wpcf7-form-control-wrap\" data-name=\"your-rs\"><input size=\"40\" class=\"wpcf7-form-control wpcf7-text wpcf7-validates-as-required\" aria-required=\"true\" aria-invalid=\"false\" placeholder=\"Lien r\u00e9seau social ou site web\" value=\"\" type=\"text\" name=\"your-rs\" \/><\/span><br \/>\n<span class=\"wpcf7-form-control-wrap\" data-name=\"your-message\"><textarea cols=\"40\" rows=\"10\" class=\"wpcf7-form-control wpcf7-textarea\" aria-invalid=\"false\" placeholder=\"Description \u00e0 propos du centre de formation\" name=\"your-message\"><\/textarea><\/span><br \/>\n<input class=\"wpcf7-form-control wpcf7-submit has-spinner\" type=\"submit\" value=\"Envoy\u00e9\" \/>\n<\/p><input type='hidden' class='wpcf7-pum' value='{\"closepopup\":false,\"closedelay\":0,\"openpopup\":false,\"openpopup_id\":0}' \/><div class=\"wpcf7-response-output\" aria-hidden=\"true\"><\/div>\n<input type=\"hidden\" name=\"trp-form-language\" value=\"fr\"\/><\/form>\n<\/div>\n<\/div><\/div><\/div><\/div><\/div><\/div><\/div><\/div><\/div><\/div><div class=\"vc_row-full-width vc_clearfix\"><\/div><div data-vc-full-width=\"true\" data-vc-full-width-init=\"false\" class=\"vc_row wpb_row vc_row-fluid vc_row-bg-position-top\"><div class=\"wpb_column vc_column_container vc_col-sm-12\"><div class=\"vc_column-inner\"><div class=\"wpb_wrapper\"><div class=\"vc_row wpb_row vc_inner vc_row-fluid vc_custom_1602491214513 vc_row-has-padding-top vc_row-has-padding-bottom vc_row-bg-position-top\"><div class=\"wpb_column vc_column_container vc_col-sm-12\"><div class=\"vc_column-inner\"><div class=\"wpb_wrapper\"><div class=\"slider clients lift-effect kd-client-69d4c6d8a8e64 black-navigation\"><div class=\"clients-content kd-animated fadeInUp\" ><img loading=\"lazy\" decoding=\"async\" width=\"169\" height=\"109\" src=\"https:\/\/sportifs.tn\/wp-content\/uploads\/2024\/10\/Bodybuilder-partner-1.png\" class=\"attachment-full\" alt=\"\" title=\"Bodybuilder-partner-1\" srcset=\"https:\/\/sportifs.tn\/wp-content\/uploads\/2024\/10\/Bodybuilder-partner-1.png 169w, https:\/\/sportifs.tn\/wp-content\/uploads\/2024\/10\/Bodybuilder-partner-1-18x12.png 18w\" sizes=\"auto, (max-width: 169px) 100vw, 169px\" \/><\/div><div class=\"clients-content kd-animated fadeInUp\" ><img loading=\"lazy\" decoding=\"async\" width=\"169\" height=\"109\" src=\"https:\/\/sportifs.tn\/wp-content\/uploads\/2024\/10\/Bodybuilder-partner-1.png\" class=\"attachment-full\" alt=\"\" title=\"Bodybuilder-partner-1\" srcset=\"https:\/\/sportifs.tn\/wp-content\/uploads\/2024\/10\/Bodybuilder-partner-1.png 169w, https:\/\/sportifs.tn\/wp-content\/uploads\/2024\/10\/Bodybuilder-partner-1-18x12.png 18w\" sizes=\"auto, (max-width: 169px) 100vw, 169px\" \/><\/div><div class=\"clients-content kd-animated fadeInUp\" data-animation-delay=\"200\"><img loading=\"lazy\" decoding=\"async\" width=\"169\" height=\"109\" src=\"https:\/\/sportifs.tn\/wp-content\/uploads\/2024\/10\/partner-sport5.png\" class=\"attachment-full\" alt=\"\" title=\"partner-sport5\" srcset=\"https:\/\/sportifs.tn\/wp-content\/uploads\/2024\/10\/partner-sport5.png 169w, https:\/\/sportifs.tn\/wp-content\/uploads\/2024\/10\/partner-sport5-18x12.png 18w\" sizes=\"auto, (max-width: 169px) 100vw, 169px\" \/><\/div><div class=\"clients-content kd-animated fadeInUp\" data-animation-delay=\"200\"><img loading=\"lazy\" decoding=\"async\" width=\"169\" height=\"109\" src=\"https:\/\/sportifs.tn\/wp-content\/uploads\/2024\/10\/partner-sport5.png\" class=\"attachment-full\" alt=\"\" title=\"partner-sport5\" srcset=\"https:\/\/sportifs.tn\/wp-content\/uploads\/2024\/10\/partner-sport5.png 169w, https:\/\/sportifs.tn\/wp-content\/uploads\/2024\/10\/partner-sport5-18x12.png 18w\" sizes=\"auto, (max-width: 169px) 100vw, 169px\" \/><\/div><div class=\"clients-content kd-animated fadeInUp\" data-animation-delay=\"400\"><img loading=\"lazy\" decoding=\"async\" width=\"169\" height=\"109\" src=\"https:\/\/sportifs.tn\/wp-content\/uploads\/2024\/10\/partner-sport3.png\" class=\"attachment-full\" alt=\"\" title=\"partner-sport3\" srcset=\"https:\/\/sportifs.tn\/wp-content\/uploads\/2024\/10\/partner-sport3.png 169w, https:\/\/sportifs.tn\/wp-content\/uploads\/2024\/10\/partner-sport3-18x12.png 18w\" sizes=\"auto, (max-width: 169px) 100vw, 169px\" \/><\/div><div class=\"clients-content kd-animated fadeInUp\" data-animation-delay=\"600\"><img loading=\"lazy\" decoding=\"async\" width=\"169\" height=\"109\" src=\"https:\/\/sportifs.tn\/wp-content\/uploads\/2024\/10\/partner-sport2.png\" class=\"attachment-full\" alt=\"\" title=\"partner-sport2\" srcset=\"https:\/\/sportifs.tn\/wp-content\/uploads\/2024\/10\/partner-sport2.png 169w, https:\/\/sportifs.tn\/wp-content\/uploads\/2024\/10\/partner-sport2-18x12.png 18w\" sizes=\"auto, (max-width: 169px) 100vw, 169px\" \/><\/div><div class=\"clients-content kd-animated fadeInUp\" data-animation-delay=\"600\"><img loading=\"lazy\" decoding=\"async\" width=\"169\" height=\"109\" src=\"https:\/\/sportifs.tn\/wp-content\/uploads\/2024\/10\/partner-sport2.png\" class=\"attachment-full\" alt=\"\" title=\"partner-sport2\" srcset=\"https:\/\/sportifs.tn\/wp-content\/uploads\/2024\/10\/partner-sport2.png 169w, https:\/\/sportifs.tn\/wp-content\/uploads\/2024\/10\/partner-sport2-18x12.png 18w\" sizes=\"auto, (max-width: 169px) 100vw, 169px\" \/><\/div><div class=\"clients-content kd-animated fadeInUp\" data-animation-delay=\"800\"><img loading=\"lazy\" decoding=\"async\" width=\"169\" height=\"109\" src=\"https:\/\/sportifs.tn\/wp-content\/uploads\/2024\/10\/partner-sport1.png\" class=\"attachment-full\" alt=\"\" title=\"partner-sport1\" srcset=\"https:\/\/sportifs.tn\/wp-content\/uploads\/2024\/10\/partner-sport1.png 169w, https:\/\/sportifs.tn\/wp-content\/uploads\/2024\/10\/partner-sport1-18x12.png 18w\" sizes=\"auto, (max-width: 169px) 100vw, 169px\" \/><\/div><\/div><script>\n              jQuery(document).ready(function($){\n                if ($(\".slider.clients.kd-client-69d4c6d8a8e64\").length) {\n                  $(\".slider.clients.kd-client-69d4c6d8a8e64\").owlCarousel({\n                    stageClass: \"owl-wrapper\",\n                    stageOuterClass: \"owl-wrapper-outer\",\n                    loadedClass: \"owl-carousel\",\n                    responsiveClass:true,\n                    responsive:{\n                      0:{\n                          items:2,nav: true,\n                            navSpeed: 500,\n                            dots: false,},\n                      415:{\n                          items:3,nav: true,\n                            navSpeed: 500,\n                            dots: false,},\n                      960:{\n                          items:8,nav: true,\n                              navSpeed: 300,\n                              dots: false,}\n                    },loop: true,autoplay: true,autoplayTimeout: 5000,autoplayHoverPause: true,\n                  });\n                }\n              });\n            <\/script><\/div><\/div><\/div><\/div><\/div><\/div><\/div><\/div><div class=\"vc_row-full-width vc_clearfix\"><\/div>\n<\/div>","protected":false},"excerpt":{"rendered":"Trouvez la Salle de Sport Id\u00e9ale Comment puis-je rejoindre l&#039;\u00e9quipe ?Pour rejoindre l&#8217;\u00e9quipe, remplissez le formulaire en ligne, envoyez votre [...]","protected":false},"author":1,"featured_media":0,"parent":0,"menu_order":0,"comment_status":"closed","ping_status":"closed","template":"","meta":{"footnotes":""},"class_list":["post-10088","page","type-page","status-publish","hentry"],"_links":{"self":[{"href":"https:\/\/sportifs.tn\/fr\/wp-json\/wp\/v2\/pages\/10088","targetHints":{"allow":["GET"]}}],"collection":[{"href":"https:\/\/sportifs.tn\/fr\/wp-json\/wp\/v2\/pages"}],"about":[{"href":"https:\/\/sportifs.tn\/fr\/wp-json\/wp\/v2\/types\/page"}],"author":[{"embeddable":true,"href":"https:\/\/sportifs.tn\/fr\/wp-json\/wp\/v2\/users\/1"}],"replies":[{"embeddable":true,"href":"https:\/\/sportifs.tn\/fr\/wp-json\/wp\/v2\/comments?post=10088"}],"version-history":[{"count":8,"href":"https:\/\/sportifs.tn\/fr\/wp-json\/wp\/v2\/pages\/10088\/revisions"}],"predecessor-version":[{"id":10446,"href":"https:\/\/sportifs.tn\/fr\/wp-json\/wp\/v2\/pages\/10088\/revisions\/10446"}],"wp:attachment":[{"href":"https:\/\/sportifs.tn\/fr\/wp-json\/wp\/v2\/media?parent=10088"}],"curies":[{"name":"wp","href":"https:\/\/api.w.org\/{rel}","templated":true}]}}